{"id":5,"date":"2016-01-02T14:04:35","date_gmt":"2016-01-02T13:04:35","guid":{"rendered":"https:\/\/familienhort.de\/dogbrothers\/?page_id=5"},"modified":"2026-04-28T17:52:51","modified_gmt":"2026-04-28T17:52:51","slug":"dog-brothers-muenchen","status":"publish","type":"page","link":"https:\/\/www.dogbrothers-munich.com\/","title":{"rendered":"Dog Brothers M\u00fcnchen &#8211; Die Stockkampfgruppe"},"content":{"rendered":"<div class=\"wp-block-image\">\n<figure class=\"aligncenter\"><img loading=\"lazy\" decoding=\"async\" width=\"453\" height=\"640\" src=\"https:\/\/www.dogbrothers-munich.com\/wp-content\/uploads\/2025\/07\/Dog-Brothers-Kindl-Plus-s.png\" alt=\"\" class=\"wp-image-6831\" srcset=\"https:\/\/www.dogbrothers-munich.com\/wp-content\/uploads\/2025\/07\/Dog-Brothers-Kindl-Plus-s.png 453w, https:\/\/www.dogbrothers-munich.com\/wp-content\/uploads\/2025\/07\/Dog-Brothers-Kindl-Plus-s-212x300.png 212w\" sizes=\"auto, (max-width: 453px) 85vw, 453px\" \/><\/figure>\n<\/div>\n\n\n<h1 class=\"wp-block-heading\" id=\"was\">Wer sind die Dog Brothers?<\/h1>\n\n\n\n<p>Wir sind die M\u00fcnchner Trainingsgruppe der Dog Brothers. Die Dog Brothers sind eine internationale Kampfsportgruppe, deren Fokus auf Stockkampf liegt (mehr zu der Geschichte und dem Namen der Dog Brothers unter: <a href=\"http:\/\/dogbrothers.ch\/\">dogbrothers.ch<\/a> und&nbsp;<a href=\"http:\/\/dogbrothers.com\/\">dogbrothers.com<\/a>). Unser Kampfsystem hat sich aus den philippinischen Kampfk\u00fcnsten, die unter Namen wie z.B. Arnis, Kali, Escrima oder FMA bekannt sind, entwickelt. Dazu kommen viele Einfl\u00fcsse aus dem Thail\u00e4ndischen Muay Thai und Krabi Krabong, Brazilian Jiu-Jitsu und vielen weiteren Kampfk\u00fcnsten.<\/p>\n\n\n\n<figure class=\"wp-block-gallery has-nested-images columns-default is-cropped wp-block-gallery-1 is-layout-flex wp-block-gallery-is-layout-flex\">\n<figure class=\"wp-block-image size-large\"><a href=\"https:\/\/www.dogbrothers-munich.com\/wp-content\/uploads\/2016\/12\/IMG-20161210-WA0005.jpg\"><img loading=\"lazy\" decoding=\"async\" width=\"1600\" height=\"1200\" data-id=\"183\" src=\"https:\/\/www.dogbrothers-munich.com\/wp-content\/uploads\/2016\/12\/IMG-20161210-WA0005.jpg\" alt=\"\" class=\"wp-image-183\" srcset=\"https:\/\/www.dogbrothers-munich.com\/wp-content\/uploads\/2016\/12\/IMG-20161210-WA0005.jpg 1600w, https:\/\/www.dogbrothers-munich.com\/wp-content\/uploads\/2016\/12\/IMG-20161210-WA0005-300x225.jpg 300w, https:\/\/www.dogbrothers-munich.com\/wp-content\/uploads\/2016\/12\/IMG-20161210-WA0005-768x576.jpg 768w, https:\/\/www.dogbrothers-munich.com\/wp-content\/uploads\/2016\/12\/IMG-20161210-WA0005-1024x768.jpg 1024w, https:\/\/www.dogbrothers-munich.com\/wp-content\/uploads\/2016\/12\/IMG-20161210-WA0005-1200x900.jpg 1200w\" sizes=\"auto, (max-width: 709px) 85vw, (max-width: 909px) 67vw, (max-width: 1362px) 62vw, 840px\" \/><\/a><figcaption class=\"wp-element-caption\">Dog Brothers M\u00fcnchen &#8211; 2016<\/figcaption><\/figure>\n<\/figure>\n\n\n\n<p>Die Dog Brothers haben das Ziel, nicht nur \u00fcberlieferte Techniken zu trainieren, sondern diese auch m\u00f6glichst realistisch zu testen. Deswegen wird bei uns viel Wert auf Sparring gelegt. Jeder Teilnehmer kann aber selber bestimmen ob und wie intensiv er Sparring betreiben m\u00f6chte. Da es keine Ranglisten und Punkte gibt, findet ein freundschaftliches Kr\u00e4ftemessen statt, ohne dass es zu einem verbissenen Kampf um den Sieg kommt. Da wir alle auch mindestens zweimal die Woche trainieren wollen, wird auch bei hartem Sparring darauf geachtet, dass niemand verletzt wird.<\/p>\n\n\n\n<h1 class=\"wp-block-heading\" id=\"warum\">Warum Stockkampf trainieren?<\/h1>\n\n\n\n<p>Es gibt viele Gr\u00fcnde, Stockkampf zu betreiben und der Wichtigste ist, dass es Spa\u00df macht. Ein gro\u00dfer Vorteil von Stockkampf ist, dass man einerseits fast alle Aspekte von waffenlosen Systemen zum Einsatz kommen (wir treten, werfen, ringen und schlagen) und gleichzeitig k\u00f6rperliche Unterschiede minimiert werden. W\u00e4hrend in vielen Kampfsportarten schon ein Gewichtsunterschied von wenigen Kilogramm reicht, um dem Schwereren einen entscheidenden Vorteil zu geben, lassen sich im Stockkampf k\u00f6rperliche Unterschiede einfacher durch Technik ausgleichen.<\/p>\n\n\n\n<figure class=\"wp-block-gallery has-nested-images columns-default wp-block-gallery-2 is-layout-flex wp-block-gallery-is-layout-flex\"><div class=\"wp-block-image\">\n<figure class=\"aligncenter size-large\"><a href=\"https:\/\/www.dogbrothers-munich.com\/wp-content\/uploads\/2016\/01\/kampf.jpg\"><img loading=\"lazy\" decoding=\"async\" width=\"960\" height=\"640\" data-id=\"9314\" src=\"https:\/\/www.dogbrothers-munich.com\/wp-content\/uploads\/2026\/04\/kampf-edited.jpg\" alt=\"\" class=\"wp-image-9314\" srcset=\"https:\/\/www.dogbrothers-munich.com\/wp-content\/uploads\/2026\/04\/kampf-edited.jpg 960w, https:\/\/www.dogbrothers-munich.com\/wp-content\/uploads\/2026\/04\/kampf-edited-300x200.jpg 300w, https:\/\/www.dogbrothers-munich.com\/wp-content\/uploads\/2026\/04\/kampf-edited-768x512.jpg 768w\" sizes=\"auto, (max-width: 709px) 85vw, (max-width: 909px) 67vw, (max-width: 1362px) 62vw, 840px\" \/><\/a><figcaption class=\"wp-element-caption\">Ausschnitte aus einen Doppelstockkampf<\/figcaption><\/figure>\n<\/div><\/figure>\n\n\n\n<p>Auch wenn wir uns als Kampfsport verstehen und somit Selbstverteidigung nicht direkt trainiert wird, gibt unser Training eine gute Vorbereitung. Im Stockkampf Sparring lernt man mit dem psychischen Druck umzugehen, einzustecken und selbst Wirkungstreffer zu platzieren, ohne an ein festes Regelwerk gebunden zu sein.<\/p>\n\n\n\n<h1 class=\"wp-block-heading\" id=\"wer\">Trainingsgruppe M\u00fcnchen<\/h1>\n\n\n\n<div class=\"wp-block-columns is-layout-flex wp-container-core-columns-is-layout-9d6595d7 wp-block-columns-is-layout-flex\">\n<div class=\"wp-block-column is-layout-flow wp-block-column-is-layout-flow\" style=\"flex-basis:100%\">\n<figure class=\"wp-block-gallery has-nested-images columns-default wp-block-gallery-3 is-layout-flex wp-block-gallery-is-layout-flex\"><div class=\"wp-block-image is-style-default\">\n<figure class=\"aligncenter size-large\"><a href=\"https:\/\/www.dogbrothers-munich.com\/wp-content\/uploads\/2023\/05\/PXL_20230517_193520606.jpg\"><img loading=\"lazy\" decoding=\"async\" width=\"2385\" height=\"1590\" data-id=\"9315\" src=\"https:\/\/www.dogbrothers-munich.com\/wp-content\/uploads\/2026\/04\/PXL_20230517_193520606-edited-1.jpg\" alt=\"\" class=\"wp-image-9315\" srcset=\"https:\/\/www.dogbrothers-munich.com\/wp-content\/uploads\/2026\/04\/PXL_20230517_193520606-edited-1.jpg 2385w, https:\/\/www.dogbrothers-munich.com\/wp-content\/uploads\/2026\/04\/PXL_20230517_193520606-edited-1-300x200.jpg 300w, https:\/\/www.dogbrothers-munich.com\/wp-content\/uploads\/2026\/04\/PXL_20230517_193520606-edited-1-1024x683.jpg 1024w, https:\/\/www.dogbrothers-munich.com\/wp-content\/uploads\/2026\/04\/PXL_20230517_193520606-edited-1-768x512.jpg 768w, https:\/\/www.dogbrothers-munich.com\/wp-content\/uploads\/2026\/04\/PXL_20230517_193520606-edited-1-1536x1024.jpg 1536w, https:\/\/www.dogbrothers-munich.com\/wp-content\/uploads\/2026\/04\/PXL_20230517_193520606-edited-1-2048x1365.jpg 2048w, https:\/\/www.dogbrothers-munich.com\/wp-content\/uploads\/2026\/04\/PXL_20230517_193520606-edited-1-1200x800.jpg 1200w\" sizes=\"auto, (max-width: 709px) 85vw, (max-width: 909px) 67vw, (max-width: 1362px) 62vw, 840px\" \/><\/a><figcaption class=\"wp-element-caption\">Die Trainer: Janno (l) und Max(r)<\/figcaption><\/figure>\n<\/div><\/figure>\n<\/div>\n<\/div>\n\n\n\n<p>Die M\u00fcnchner Dog Brothers Gruppe geh\u00f6rt zum <a href=\"http:\/\/www.sc-armin.de\/\">SC Armin 1893 M\u00fcnchen e.V.<\/a>, einem der \u00e4ltesten Sportvereine M\u00fcnchens. Das Training wird von Janno &#8222;Sceptical Dog&#8220; von St\u00fclpnagel und Max &#8222;Empty Dog&#8220; Knauer geleitet. Der Mitgliedsbeitrag betr\u00e4gt 108\u20ac (84\u20ac f\u00fcr Studenten und Auszubildende) im Halbjahr, eine Aufnahmegeb\u00fchr von 22\u20ac und erm\u00f6glicht auch die Teilnahme in der <a href=\"https:\/\/sc-armin.de\/klub\/sportclub-armin-1893-muenchen-e-v\/sider\/judo--74\">Judo Gruppe des SC Armin<\/a>. Das Mindestalter f\u00fcr die Teilnahme am Training ist 18. Der Fokus des Trainings liegt auf Stockkampf, es werden aber auch Elemente aus waffenlosen Systemen wie BJJ und Muay Thai trainiert.<\/p>\n\n\n\n<h1 class=\"wp-block-heading\" id=\"gallerie\">Gallerie<\/h1>\n\n\n\n<figure class=\"wp-block-gallery has-nested-images columns-3 wp-block-gallery-4 is-layout-flex wp-block-gallery-is-layout-flex\">\n<figure class=\"wp-block-image size-large\"><a href=\"https:\/\/www.dogbrothers-munich.com\/wp-content\/uploads\/2016\/01\/anfang2005.jpg\"><img loading=\"lazy\" decoding=\"async\" width=\"966\" height=\"633\" data-id=\"98\" src=\"https:\/\/www.dogbrothers-munich.com\/wp-content\/uploads\/2016\/01\/anfang2005.jpg\" alt=\"\" class=\"wp-image-98\" srcset=\"https:\/\/www.dogbrothers-munich.com\/wp-content\/uploads\/2016\/01\/anfang2005.jpg 966w, https:\/\/www.dogbrothers-munich.com\/wp-content\/uploads\/2016\/01\/anfang2005-300x197.jpg 300w, https:\/\/www.dogbrothers-munich.com\/wp-content\/uploads\/2016\/01\/anfang2005-768x503.jpg 768w\" sizes=\"auto, (max-width: 709px) 85vw, (max-width: 909px) 67vw, (max-width: 1362px) 62vw, 840px\" \/><\/a><\/figure>\n\n\n\n<figure class=\"wp-block-image size-large\"><a href=\"https:\/\/www.dogbrothers-munich.com\/wp-content\/uploads\/2016\/01\/craftydogSeminar.jpg\"><img loading=\"lazy\" decoding=\"async\" width=\"2048\" height=\"1365\" data-id=\"32\" src=\"https:\/\/www.dogbrothers-munich.com\/wp-content\/uploads\/2016\/01\/craftydogSeminar.jpg\" alt=\"\" class=\"wp-image-32\" srcset=\"https:\/\/www.dogbrothers-munich.com\/wp-content\/uploads\/2016\/01\/craftydogSeminar.jpg 2048w, https:\/\/www.dogbrothers-munich.com\/wp-content\/uploads\/2016\/01\/craftydogSeminar-300x200.jpg 300w, https:\/\/www.dogbrothers-munich.com\/wp-content\/uploads\/2016\/01\/craftydogSeminar-768x512.jpg 768w, https:\/\/www.dogbrothers-munich.com\/wp-content\/uploads\/2016\/01\/craftydogSeminar-1024x683.jpg 1024w, https:\/\/www.dogbrothers-munich.com\/wp-content\/uploads\/2016\/01\/craftydogSeminar-1200x800.jpg 1200w\" sizes=\"auto, (max-width: 709px) 85vw, (max-width: 909px) 67vw, (max-width: 1362px) 62vw, 840px\" \/><\/a><\/figure>\n\n\n\n<figure class=\"wp-block-image size-large\"><a href=\"https:\/\/www.dogbrothers-munich.com\/wp-content\/uploads\/2016\/01\/dbguppe.jpg\"><img loading=\"lazy\" decoding=\"async\" width=\"960\" height=\"685\" data-id=\"41\" src=\"https:\/\/www.dogbrothers-munich.com\/wp-content\/uploads\/2016\/01\/dbguppe.jpg\" alt=\"\" class=\"wp-image-41\" srcset=\"https:\/\/www.dogbrothers-munich.com\/wp-content\/uploads\/2016\/01\/dbguppe.jpg 960w, https:\/\/www.dogbrothers-munich.com\/wp-content\/uploads\/2016\/01\/dbguppe-300x214.jpg 300w, https:\/\/www.dogbrothers-munich.com\/wp-content\/uploads\/2016\/01\/dbguppe-768x548.jpg 768w\" sizes=\"auto, (max-width: 709px) 85vw, (max-width: 909px) 67vw, (max-width: 1362px) 62vw, 840px\" \/><\/a><\/figure>\n\n\n\n<figure class=\"wp-block-image size-large\"><a href=\"https:\/\/www.dogbrothers-munich.com\/wp-content\/uploads\/2016\/01\/10873449_317568388445989_8432845716379501958_o.jpg\"><img loading=\"lazy\" decoding=\"async\" width=\"1296\" height=\"864\" data-id=\"99\" src=\"https:\/\/www.dogbrothers-munich.com\/wp-content\/uploads\/2016\/01\/10873449_317568388445989_8432845716379501958_o.jpg\" alt=\"\" class=\"wp-image-99\" srcset=\"https:\/\/www.dogbrothers-munich.com\/wp-content\/uploads\/2016\/01\/10873449_317568388445989_8432845716379501958_o.jpg 1296w, https:\/\/www.dogbrothers-munich.com\/wp-content\/uploads\/2016\/01\/10873449_317568388445989_8432845716379501958_o-300x200.jpg 300w, https:\/\/www.dogbrothers-munich.com\/wp-content\/uploads\/2016\/01\/10873449_317568388445989_8432845716379501958_o-768x512.jpg 768w, https:\/\/www.dogbrothers-munich.com\/wp-content\/uploads\/2016\/01\/10873449_317568388445989_8432845716379501958_o-1024x683.jpg 1024w, https:\/\/www.dogbrothers-munich.com\/wp-content\/uploads\/2016\/01\/10873449_317568388445989_8432845716379501958_o-1200x800.jpg 1200w\" sizes=\"auto, (max-width: 709px) 85vw, (max-width: 909px) 67vw, (max-width: 1362px) 62vw, 840px\" \/><\/a><\/figure>\n\n\n\n<figure class=\"wp-block-image size-large\"><a href=\"https:\/\/www.dogbrothers-munich.com\/wp-content\/uploads\/2016\/01\/dbgruppe2.jpg\"><img loading=\"lazy\" decoding=\"async\" width=\"1449\" height=\"961\" data-id=\"40\" src=\"https:\/\/www.dogbrothers-munich.com\/wp-content\/uploads\/2016\/01\/dbgruppe2.jpg\" alt=\"\" class=\"wp-image-40\" srcset=\"https:\/\/www.dogbrothers-munich.com\/wp-content\/uploads\/2016\/01\/dbgruppe2.jpg 1449w, https:\/\/www.dogbrothers-munich.com\/wp-content\/uploads\/2016\/01\/dbgruppe2-300x199.jpg 300w, https:\/\/www.dogbrothers-munich.com\/wp-content\/uploads\/2016\/01\/dbgruppe2-768x509.jpg 768w, https:\/\/www.dogbrothers-munich.com\/wp-content\/uploads\/2016\/01\/dbgruppe2-1024x679.jpg 1024w, https:\/\/www.dogbrothers-munich.com\/wp-content\/uploads\/2016\/01\/dbgruppe2-1200x796.jpg 1200w\" sizes=\"auto, (max-width: 709px) 85vw, (max-width: 909px) 67vw, (max-width: 1362px) 62vw, 840px\" \/><\/a><\/figure>\n\n\n\n<figure class=\"wp-block-image size-large\"><a href=\"https:\/\/www.dogbrothers-munich.com\/wp-content\/uploads\/2016\/02\/58.jpg\"><img loading=\"lazy\" decoding=\"async\" width=\"2361\" height=\"1512\" data-id=\"107\" src=\"https:\/\/www.dogbrothers-munich.com\/wp-content\/uploads\/2016\/02\/58.jpg\" alt=\"\" class=\"wp-image-107\" srcset=\"https:\/\/www.dogbrothers-munich.com\/wp-content\/uploads\/2016\/02\/58.jpg 2361w, https:\/\/www.dogbrothers-munich.com\/wp-content\/uploads\/2016\/02\/58-300x192.jpg 300w, https:\/\/www.dogbrothers-munich.com\/wp-content\/uploads\/2016\/02\/58-768x492.jpg 768w, https:\/\/www.dogbrothers-munich.com\/wp-content\/uploads\/2016\/02\/58-1024x656.jpg 1024w, https:\/\/www.dogbrothers-munich.com\/wp-content\/uploads\/2016\/02\/58-1200x768.jpg 1200w\" sizes=\"auto, (max-width: 709px) 85vw, (max-width: 909px) 67vw, (max-width: 1362px) 62vw, 840px\" \/><\/a><\/figure>\n\n\n\n<figure class=\"wp-block-image size-large\"><a href=\"https:\/\/www.dogbrothers-munich.com\/wp-content\/uploads\/2016\/02\/IMG_8588.jpg\"><img loading=\"lazy\" decoding=\"async\" width=\"2592\" height=\"1728\" data-id=\"108\" src=\"https:\/\/www.dogbrothers-munich.com\/wp-content\/uploads\/2016\/02\/IMG_8588.jpg\" alt=\"\" class=\"wp-image-108\" srcset=\"https:\/\/www.dogbrothers-munich.com\/wp-content\/uploads\/2016\/02\/IMG_8588.jpg 2592w, https:\/\/www.dogbrothers-munich.com\/wp-content\/uploads\/2016\/02\/IMG_8588-300x200.jpg 300w, https:\/\/www.dogbrothers-munich.com\/wp-content\/uploads\/2016\/02\/IMG_8588-768x512.jpg 768w, https:\/\/www.dogbrothers-munich.com\/wp-content\/uploads\/2016\/02\/IMG_8588-1024x683.jpg 1024w, https:\/\/www.dogbrothers-munich.com\/wp-content\/uploads\/2016\/02\/IMG_8588-1200x800.jpg 1200w\" sizes=\"auto, (max-width: 709px) 85vw, (max-width: 909px) 67vw, (max-width: 1362px) 62vw, 840px\" \/><\/a><\/figure>\n\n\n\n<figure class=\"wp-block-image size-large\"><a href=\"https:\/\/www.dogbrothers-munich.com\/wp-content\/uploads\/2016\/12\/IMG-20161210-WA0005.jpg\"><img loading=\"lazy\" decoding=\"async\" width=\"1600\" height=\"1200\" data-id=\"183\" src=\"https:\/\/www.dogbrothers-munich.com\/wp-content\/uploads\/2016\/12\/IMG-20161210-WA0005.jpg\" alt=\"\" class=\"wp-image-183\" srcset=\"https:\/\/www.dogbrothers-munich.com\/wp-content\/uploads\/2016\/12\/IMG-20161210-WA0005.jpg 1600w, https:\/\/www.dogbrothers-munich.com\/wp-content\/uploads\/2016\/12\/IMG-20161210-WA0005-300x225.jpg 300w, https:\/\/www.dogbrothers-munich.com\/wp-content\/uploads\/2016\/12\/IMG-20161210-WA0005-768x576.jpg 768w, https:\/\/www.dogbrothers-munich.com\/wp-content\/uploads\/2016\/12\/IMG-20161210-WA0005-1024x768.jpg 1024w, https:\/\/www.dogbrothers-munich.com\/wp-content\/uploads\/2016\/12\/IMG-20161210-WA0005-1200x900.jpg 1200w\" sizes=\"auto, (max-width: 709px) 85vw, (max-width: 909px) 67vw, (max-width: 1362px) 62vw, 840px\" \/><\/a><\/figure>\n\n\n\n<figure class=\"wp-block-image size-large\"><a href=\"https:\/\/www.dogbrothers-munich.com\/wp-content\/uploads\/2016\/02\/6.jpg\"><img loading=\"lazy\" decoding=\"async\" width=\"1649\" height=\"1099\" data-id=\"113\" src=\"https:\/\/www.dogbrothers-munich.com\/wp-content\/uploads\/2016\/02\/6.jpg\" alt=\"\" class=\"wp-image-113\" srcset=\"https:\/\/www.dogbrothers-munich.com\/wp-content\/uploads\/2016\/02\/6.jpg 1649w, https:\/\/www.dogbrothers-munich.com\/wp-content\/uploads\/2016\/02\/6-300x200.jpg 300w, https:\/\/www.dogbrothers-munich.com\/wp-content\/uploads\/2016\/02\/6-768x512.jpg 768w, https:\/\/www.dogbrothers-munich.com\/wp-content\/uploads\/2016\/02\/6-1024x682.jpg 1024w, https:\/\/www.dogbrothers-munich.com\/wp-content\/uploads\/2016\/02\/6-1200x800.jpg 1200w\" sizes=\"auto, (max-width: 709px) 85vw, (max-width: 909px) 67vw, (max-width: 1362px) 62vw, 840px\" \/><\/a><\/figure>\n<\/figure>\n\n\n\n<h1 class=\"wp-block-heading\" id=\"wo\">Trainingsort &amp; Zeit<\/h1>\n\n\n<div class=\"wp-block-image\">\n<figure class=\"alignright\"><img loading=\"lazy\" decoding=\"async\" width=\"300\" height=\"300\" src=\"https:\/\/www.dogbrothers-munich.com\/wp-content\/uploads\/2016\/01\/crodog-300x300.png\" alt=\"crodog\" class=\"wp-image-34\" srcset=\"https:\/\/www.dogbrothers-munich.com\/wp-content\/uploads\/2016\/01\/crodog-300x300.png 300w, https:\/\/www.dogbrothers-munich.com\/wp-content\/uploads\/2016\/01\/crodog-150x150.png 150w, https:\/\/www.dogbrothers-munich.com\/wp-content\/uploads\/2016\/01\/crodog-768x766.png 768w, https:\/\/www.dogbrothers-munich.com\/wp-content\/uploads\/2016\/01\/crodog.png 814w\" sizes=\"auto, (max-width: 300px) 85vw, 300px\" \/><\/figure>\n<\/div>\n\n\n<p>Wer kostenlos in das Training reinschnuppern m\u00f6chte (es sind keine Kampfsporterfahrung notwendig und Ausr\u00fcstung kann geliehen werden), kann sich gerne unter <a href=\"mailto:training@dogbrothers-munich.com\">training@dogbrothers-munich.com<\/a>&nbsp;oder \u00fcber das Kontaktformular melden.<\/p>\n\n\n\n<p>Training findet am Mittwoch und am Freitag in der Schulsporthalle an der Fernpa\u00dfstr. 41 statt. <\/p>\n\n\n\n<p><strong>Adresse<\/strong>: Fernpa\u00dfstra\u00dfe 41, 81373 M\u00fcnchen. <a href=\"https:\/\/www.google.com\/maps\/place\/48.12099477650962,11.522222616610696\">Google Maps Link<\/a><\/p>\n\n\n\n<p><b>Mittwoch:<\/b> 20:30-22:00<\/p>\n\n\n\n<p><b>Freitag:<\/b> 20:30-22:00<\/p>\n\n\n\n<p><\/p>\n","protected":false},"excerpt":{"rendered":"<p>Wer sind die Dog Brothers? Wir sind die M\u00fcnchner Trainingsgruppe der Dog Brothers. Die Dog Brothers sind eine internationale Kampfsportgruppe, deren Fokus auf Stockkampf liegt (mehr zu der Geschichte und dem Namen der Dog Brothers unter: dogbrothers.ch und&nbsp;dogbrothers.com). Unser Kampfsystem hat sich aus den philippinischen Kampfk\u00fcnsten, die unter Namen wie z.B. Arnis, Kali, Escrima oder &hellip; <a href=\"https:\/\/www.dogbrothers-munich.com\/\" class=\"more-link\"><span class=\"screen-reader-text\">\u201eDog Brothers M\u00fcnchen &#8211; Die Stockkampfgruppe\u201c <\/span>weiterlesen<\/a><\/p>\n","protected":false},"author":1,"featured_media":0,"parent":0,"menu_order":0,"comment_status":"closed","ping_status":"closed","template":"","meta":{"footnotes":""},"class_list":["post-5","page","type-page","status-publish","hentry"],"_links":{"self":[{"href":"https:\/\/www.dogbrothers-munich.com\/index.php?rest_route=\/wp\/v2\/pages\/5","targetHints":{"allow":["GET"]}}],"collection":[{"href":"https:\/\/www.dogbrothers-munich.com\/index.php?rest_route=\/wp\/v2\/pages"}],"about":[{"href":"https:\/\/www.dogbrothers-munich.com\/index.php?rest_route=\/wp\/v2\/types\/page"}],"author":[{"embeddable":true,"href":"https:\/\/www.dogbrothers-munich.com\/index.php?rest_route=\/wp\/v2\/users\/1"}],"replies":[{"embeddable":true,"href":"https:\/\/www.dogbrothers-munich.com\/index.php?rest_route=%2Fwp%2Fv2%2Fcomments&post=5"}],"version-history":[{"count":90,"href":"https:\/\/www.dogbrothers-munich.com\/index.php?rest_route=\/wp\/v2\/pages\/5\/revisions"}],"predecessor-version":[{"id":9320,"href":"https:\/\/www.dogbrothers-munich.com\/index.php?rest_route=\/wp\/v2\/pages\/5\/revisions\/9320"}],"wp:attachment":[{"href":"https:\/\/www.dogbrothers-munich.com\/index.php?rest_route=%2Fwp%2Fv2%2Fmedia&parent=5"}],"curies":[{"name":"wp","href":"https:\/\/api.w.org\/{rel}","templated":true}]}}